{"id":940,"date":"2024-09-22T09:19:51","date_gmt":"2024-09-22T07:19:51","guid":{"rendered":"https:\/\/www.art-natur.ch\/product\/brosse-a-teinter-les-sourcils-%e2%84%962\/"},"modified":"2024-10-14T00:52:26","modified_gmt":"2024-10-13T22:52:26","slug":"brosse-a-teinter-les-sourcils-%e2%84%962","status":"publish","type":"product","link":"https:\/\/www.art-natur.ch\/fr\/produit\/brosse-a-teinter-les-sourcils-%e2%84%962\/","title":{"rendered":"Brosse \u00e0 teinter les sourcils \u21162"},"content":{"rendered":"<p>Joli pinceau biseaut\u00e9 pour l&rsquo;application du henn\u00e9 ou de la peinture.<\/p>\n<p>Les brosses \u00e0 poils synth\u00e9tiques rigides de haute qualit\u00e9 sont serr\u00e9es, ne s&rsquo;effilochent pas, conservent leur forme, n&rsquo;absorbent pas la teinture et \u00e9conomisent le mat\u00e9riau.<\/p>\n","protected":false},"excerpt":{"rendered":"<p>Joli pinceau biseaut\u00e9 pour l&rsquo;application du henn\u00e9 ou de la peinture. Les brosses \u00e0 poils synth\u00e9tiques rigides de haute qualit\u00e9 sont serr\u00e9es, ne s&rsquo;effilochent pas, conservent leur forme, n&rsquo;absorbent pas la teinture et \u00e9conomisent le mat\u00e9riau.<\/p>\n","protected":false},"featured_media":8392,"template":"","meta":{"_acf_changed":false,"inline_featured_image":false},"product_cat":[119,125,129,141,193,207],"product_tag":[],"class_list":{"0":"post-940","1":"product","2":"type-product","3":"status-publish","4":"has-post-thumbnail","6":"product_brand-lovely","7":"product_cat-coloration-et-correction-des-sourcils","8":"product_cat-outil-extension-de-cils","9":"product_cat-stylisation-a-long-terme-des-sourcils","10":"product_cat-outils","11":"product_cat-produits-connexes","12":"product_cat-consommables-fr","14":"first","15":"instock","16":"shipping-taxable","17":"purchasable","18":"product-type-simple"},"acf":[],"yoast_head":"<!-- This site is optimized with the Yoast SEO plugin v26.6 - https:\/\/yoast.com\/wordpress\/plugins\/seo\/ -->\n<title>Brosse \u00e0 teinter les sourcils \u21162 - LASHES&amp;BROWS by Nataliya Reinhard<\/title>\n<meta name=\"description\" content=\"Joli pinceau biseaut\u00e9 pour l&#039;application du henn\u00e9 ou de la peinture. Poils synth\u00e9tiques rigides, serr\u00e9s, ne s&#039;effilochent pas et conservent leur forme.\" \/>\n<meta name=\"robots\" content=\"index, follow, max-snippet:-1, max-image-preview:large, max-video-preview:-1\" \/>\n<link rel=\"canonical\" href=\"https:\/\/www.art-natur.ch\/fr\/produit\/brosse-a-teinter-les-sourcils-%e2%84%962\/\" \/>\n<meta property=\"og:locale\" content=\"fr_FR\" \/>\n<meta property=\"og:type\" content=\"article\" \/>\n<meta property=\"og:title\" content=\"Brosse \u00e0 teinter les sourcils \u21162 - LASHES&amp;BROWS by Nataliya Reinhard\" \/>\n<meta property=\"og:description\" content=\"Joli pinceau biseaut\u00e9 pour l&#039;application du henn\u00e9 ou de la peinture. Poils synth\u00e9tiques rigides, serr\u00e9s, ne s&#039;effilochent pas et conservent leur forme.\" \/>\n<meta property=\"og:url\" content=\"https:\/\/www.art-natur.ch\/fr\/produit\/brosse-a-teinter-les-sourcils-%e2%84%962\/\" \/>\n<meta property=\"og:site_name\" content=\"LASHES&amp;BROWS by Nataliya Reinhard\" \/>\n<meta property=\"article:modified_time\" content=\"2024-10-13T22:52:26+00:00\" \/>\n<meta property=\"og:image\" content=\"https:\/\/www.art-natur.ch\/wp-content\/uploads\/2024\/09\/2627679036-Photoroom.png\" \/>\n\t<meta property=\"og:image:width\" content=\"1080\" \/>\n\t<meta property=\"og:image:height\" content=\"1080\" \/>\n\t<meta property=\"og:image:type\" content=\"image\/png\" \/>\n<meta name=\"twitter:card\" content=\"summary_large_image\" \/>\n<script type=\"application\/ld+json\" class=\"yoast-schema-graph\">{\"@context\":\"https:\/\/schema.org\",\"@graph\":[{\"@type\":\"WebPage\",\"@id\":\"https:\/\/www.art-natur.ch\/fr\/produit\/brosse-a-teinter-les-sourcils-%e2%84%962\/\",\"url\":\"https:\/\/www.art-natur.ch\/fr\/produit\/brosse-a-teinter-les-sourcils-%e2%84%962\/\",\"name\":\"Brosse \u00e0 teinter les sourcils \u21162 - LASHES&amp;BROWS by Nataliya Reinhard\",\"isPartOf\":{\"@id\":\"https:\/\/www.art-natur.ch\/fr\/#website\"},\"primaryImageOfPage\":{\"@id\":\"https:\/\/www.art-natur.ch\/fr\/produit\/brosse-a-teinter-les-sourcils-%e2%84%962\/#primaryimage\"},\"image\":{\"@id\":\"https:\/\/www.art-natur.ch\/fr\/produit\/brosse-a-teinter-les-sourcils-%e2%84%962\/#primaryimage\"},\"thumbnailUrl\":\"https:\/\/www.art-natur.ch\/wp-content\/uploads\/2024\/09\/2627679036-Photoroom.png\",\"datePublished\":\"2024-09-22T07:19:51+00:00\",\"dateModified\":\"2024-10-13T22:52:26+00:00\",\"description\":\"Joli pinceau biseaut\u00e9 pour l'application du henn\u00e9 ou de la peinture. Poils synth\u00e9tiques rigides, serr\u00e9s, ne s'effilochent pas et conservent leur forme.\",\"breadcrumb\":{\"@id\":\"https:\/\/www.art-natur.ch\/fr\/produit\/brosse-a-teinter-les-sourcils-%e2%84%962\/#breadcrumb\"},\"inLanguage\":\"fr-FR\",\"potentialAction\":[{\"@type\":\"ReadAction\",\"target\":[\"https:\/\/www.art-natur.ch\/fr\/produit\/brosse-a-teinter-les-sourcils-%e2%84%962\/\"]}]},{\"@type\":\"ImageObject\",\"inLanguage\":\"fr-FR\",\"@id\":\"https:\/\/www.art-natur.ch\/fr\/produit\/brosse-a-teinter-les-sourcils-%e2%84%962\/#primaryimage\",\"url\":\"https:\/\/www.art-natur.ch\/wp-content\/uploads\/2024\/09\/2627679036-Photoroom.png\",\"contentUrl\":\"https:\/\/www.art-natur.ch\/wp-content\/uploads\/2024\/09\/2627679036-Photoroom.png\",\"width\":1080,\"height\":1080},{\"@type\":\"BreadcrumbList\",\"@id\":\"https:\/\/www.art-natur.ch\/fr\/produit\/brosse-a-teinter-les-sourcils-%e2%84%962\/#breadcrumb\",\"itemListElement\":[{\"@type\":\"ListItem\",\"position\":1,\"name\":\"Home\",\"item\":\"https:\/\/www.art-natur.ch\/fr\/\"},{\"@type\":\"ListItem\",\"position\":2,\"name\":\"Boutique\",\"item\":\"https:\/\/www.art-natur.ch\/shop\/\"},{\"@type\":\"ListItem\",\"position\":3,\"name\":\"Brosse \u00e0 teinter les sourcils \u21162\"}]},{\"@type\":\"WebSite\",\"@id\":\"https:\/\/www.art-natur.ch\/fr\/#website\",\"url\":\"https:\/\/www.art-natur.ch\/fr\/\",\"name\":\"LASHES&amp;BROWS by Nataliya Reinhard\",\"description\":\"High-quality lash and brow services with attention to every detail\",\"potentialAction\":[{\"@type\":\"SearchAction\",\"target\":{\"@type\":\"EntryPoint\",\"urlTemplate\":\"https:\/\/www.art-natur.ch\/fr\/?s={search_term_string}\"},\"query-input\":{\"@type\":\"PropertyValueSpecification\",\"valueRequired\":true,\"valueName\":\"search_term_string\"}}],\"inLanguage\":\"fr-FR\"}]}<\/script>\n<!-- \/ Yoast SEO plugin. -->","yoast_head_json":{"title":"Brosse \u00e0 teinter les sourcils \u21162 - LASHES&amp;BROWS by Nataliya Reinhard","description":"Joli pinceau biseaut\u00e9 pour l'application du henn\u00e9 ou de la peinture. Poils synth\u00e9tiques rigides, serr\u00e9s, ne s'effilochent pas et conservent leur forme.","robots":{"index":"index","follow":"follow","max-snippet":"max-snippet:-1","max-image-preview":"max-image-preview:large","max-video-preview":"max-video-preview:-1"},"canonical":"https:\/\/www.art-natur.ch\/fr\/produit\/brosse-a-teinter-les-sourcils-%e2%84%962\/","og_locale":"fr_FR","og_type":"article","og_title":"Brosse \u00e0 teinter les sourcils \u21162 - LASHES&amp;BROWS by Nataliya Reinhard","og_description":"Joli pinceau biseaut\u00e9 pour l'application du henn\u00e9 ou de la peinture. Poils synth\u00e9tiques rigides, serr\u00e9s, ne s'effilochent pas et conservent leur forme.","og_url":"https:\/\/www.art-natur.ch\/fr\/produit\/brosse-a-teinter-les-sourcils-%e2%84%962\/","og_site_name":"LASHES&amp;BROWS by Nataliya Reinhard","article_modified_time":"2024-10-13T22:52:26+00:00","og_image":[{"width":1080,"height":1080,"url":"https:\/\/www.art-natur.ch\/wp-content\/uploads\/2024\/09\/2627679036-Photoroom.png","type":"image\/png"}],"twitter_card":"summary_large_image","schema":{"@context":"https:\/\/schema.org","@graph":[{"@type":"WebPage","@id":"https:\/\/www.art-natur.ch\/fr\/produit\/brosse-a-teinter-les-sourcils-%e2%84%962\/","url":"https:\/\/www.art-natur.ch\/fr\/produit\/brosse-a-teinter-les-sourcils-%e2%84%962\/","name":"Brosse \u00e0 teinter les sourcils \u21162 - LASHES&amp;BROWS by Nataliya Reinhard","isPartOf":{"@id":"https:\/\/www.art-natur.ch\/fr\/#website"},"primaryImageOfPage":{"@id":"https:\/\/www.art-natur.ch\/fr\/produit\/brosse-a-teinter-les-sourcils-%e2%84%962\/#primaryimage"},"image":{"@id":"https:\/\/www.art-natur.ch\/fr\/produit\/brosse-a-teinter-les-sourcils-%e2%84%962\/#primaryimage"},"thumbnailUrl":"https:\/\/www.art-natur.ch\/wp-content\/uploads\/2024\/09\/2627679036-Photoroom.png","datePublished":"2024-09-22T07:19:51+00:00","dateModified":"2024-10-13T22:52:26+00:00","description":"Joli pinceau biseaut\u00e9 pour l'application du henn\u00e9 ou de la peinture. Poils synth\u00e9tiques rigides, serr\u00e9s, ne s'effilochent pas et conservent leur forme.","breadcrumb":{"@id":"https:\/\/www.art-natur.ch\/fr\/produit\/brosse-a-teinter-les-sourcils-%e2%84%962\/#breadcrumb"},"inLanguage":"fr-FR","potentialAction":[{"@type":"ReadAction","target":["https:\/\/www.art-natur.ch\/fr\/produit\/brosse-a-teinter-les-sourcils-%e2%84%962\/"]}]},{"@type":"ImageObject","inLanguage":"fr-FR","@id":"https:\/\/www.art-natur.ch\/fr\/produit\/brosse-a-teinter-les-sourcils-%e2%84%962\/#primaryimage","url":"https:\/\/www.art-natur.ch\/wp-content\/uploads\/2024\/09\/2627679036-Photoroom.png","contentUrl":"https:\/\/www.art-natur.ch\/wp-content\/uploads\/2024\/09\/2627679036-Photoroom.png","width":1080,"height":1080},{"@type":"BreadcrumbList","@id":"https:\/\/www.art-natur.ch\/fr\/produit\/brosse-a-teinter-les-sourcils-%e2%84%962\/#breadcrumb","itemListElement":[{"@type":"ListItem","position":1,"name":"Home","item":"https:\/\/www.art-natur.ch\/fr\/"},{"@type":"ListItem","position":2,"name":"Boutique","item":"https:\/\/www.art-natur.ch\/shop\/"},{"@type":"ListItem","position":3,"name":"Brosse \u00e0 teinter les sourcils \u21162"}]},{"@type":"WebSite","@id":"https:\/\/www.art-natur.ch\/fr\/#website","url":"https:\/\/www.art-natur.ch\/fr\/","name":"LASHES&amp;BROWS by Nataliya Reinhard","description":"High-quality lash and brow services with attention to every detail","potentialAction":[{"@type":"SearchAction","target":{"@type":"EntryPoint","urlTemplate":"https:\/\/www.art-natur.ch\/fr\/?s={search_term_string}"},"query-input":{"@type":"PropertyValueSpecification","valueRequired":true,"valueName":"search_term_string"}}],"inLanguage":"fr-FR"}]}},"_links":{"self":[{"href":"https:\/\/www.art-natur.ch\/fr\/wp-json\/wp\/v2\/product\/940","targetHints":{"allow":["GET"]}}],"collection":[{"href":"https:\/\/www.art-natur.ch\/fr\/wp-json\/wp\/v2\/product"}],"about":[{"href":"https:\/\/www.art-natur.ch\/fr\/wp-json\/wp\/v2\/types\/product"}],"wp:featuredmedia":[{"embeddable":true,"href":"https:\/\/www.art-natur.ch\/fr\/wp-json\/wp\/v2\/media\/8392"}],"wp:attachment":[{"href":"https:\/\/www.art-natur.ch\/fr\/wp-json\/wp\/v2\/media?parent=940"}],"wp:term":[{"taxonomy":"product_cat","embeddable":true,"href":"https:\/\/www.art-natur.ch\/fr\/wp-json\/wp\/v2\/product_cat?post=940"},{"taxonomy":"product_tag","embeddable":true,"href":"https:\/\/www.art-natur.ch\/fr\/wp-json\/wp\/v2\/product_tag?post=940"}],"curies":[{"name":"wp","href":"https:\/\/api.w.org\/{rel}","templated":true}]}}