{"id":966,"date":"2024-09-22T09:56:08","date_gmt":"2024-09-22T07:56:08","guid":{"rendered":"https:\/\/www.art-natur.ch\/product\/brosse-a-teinter-les-sourcils-%e2%84%964\/"},"modified":"2024-10-14T00:51:24","modified_gmt":"2024-10-13T22:51:24","slug":"brosse-a-teinter-les-sourcils-%e2%84%964","status":"publish","type":"product","link":"https:\/\/www.art-natur.ch\/fr\/produit\/brosse-a-teinter-les-sourcils-%e2%84%964\/","title":{"rendered":"Brosse \u00e0 teinter les sourcils \u21164"},"content":{"rendered":"<p>La brosse \u00e0 sourcils et \u00e0 cils Lovely est un outil multifonctionnel pour les traitements professionnels de coloration des sourcils et des cils.<\/p>\n<p>Le pinceau biseaut\u00e9 en fibres synth\u00e9tiques sp\u00e9ciales estompe parfaitement les poils des sourcils et des cils.<\/p>\n<p>La brosse \u00e0 vis permet de r\u00e9partir uniform\u00e9ment la peinture sur les poils et de brosser les sourcils et les cils apr\u00e8s le traitement.<\/p>\n","protected":false},"excerpt":{"rendered":"<p>La brosse \u00e0 sourcils et \u00e0 cils Lovely est un outil multifonctionnel pour les traitements professionnels de coloration des sourcils et des cils. Le pinceau biseaut\u00e9 en fibres synth\u00e9tiques sp\u00e9ciales estompe parfaitement les poils des sourcils et des cils. La brosse \u00e0 vis permet de r\u00e9partir uniform\u00e9ment la peinture sur les poils et de brosser [&hellip;]<\/p>\n","protected":false},"featured_media":8372,"template":"","meta":{"_acf_changed":false,"inline_featured_image":false},"product_cat":[116,119,125,129,141,150,160,189,193,207],"product_tag":[],"class_list":{"0":"post-966","1":"product","2":"type-product","3":"status-publish","4":"has-post-thumbnail","6":"product_brand-lovely","7":"product_cat-extension-de-cils","8":"product_cat-coloration-et-correction-des-sourcils","9":"product_cat-outil-extension-de-cils","10":"product_cat-stylisation-a-long-terme-des-sourcils","11":"product_cat-outils","12":"product_cat-rehaussement-des-cils","13":"product_cat-outil","14":"product_cat-outil-coloration-et-correction-des-sourcils","15":"product_cat-produits-connexes","16":"product_cat-consommables-fr","18":"first","19":"instock","20":"shipping-taxable","21":"purchasable","22":"product-type-simple"},"acf":[],"yoast_head":"<!-- This site is optimized with the Yoast SEO plugin v26.6 - https:\/\/yoast.com\/wordpress\/plugins\/seo\/ -->\n<title>Brosse \u00e0 teinter les sourcils \u21164 - LASHES&amp;BROWS by Nataliya Reinhard<\/title>\n<meta name=\"description\" content=\"La brosse \u00e0 sourcils et \u00e0 cils Lovely est multifonctionnelle. Le pinceau biseaut\u00e9 estompe, et la brosse \u00e0 vis r\u00e9partit la couleur.\" \/>\n<meta name=\"robots\" content=\"index, follow, max-snippet:-1, max-image-preview:large, max-video-preview:-1\" \/>\n<link rel=\"canonical\" href=\"https:\/\/www.art-natur.ch\/fr\/produit\/brosse-a-teinter-les-sourcils-%e2%84%964\/\" \/>\n<meta property=\"og:locale\" content=\"fr_FR\" \/>\n<meta property=\"og:type\" content=\"article\" \/>\n<meta property=\"og:title\" content=\"Brosse \u00e0 teinter les sourcils \u21164 - LASHES&amp;BROWS by Nataliya Reinhard\" \/>\n<meta property=\"og:description\" content=\"La brosse \u00e0 sourcils et \u00e0 cils Lovely est multifonctionnelle. Le pinceau biseaut\u00e9 estompe, et la brosse \u00e0 vis r\u00e9partit la couleur.\" \/>\n<meta property=\"og:url\" content=\"https:\/\/www.art-natur.ch\/fr\/produit\/brosse-a-teinter-les-sourcils-%e2%84%964\/\" \/>\n<meta property=\"og:site_name\" content=\"LASHES&amp;BROWS by Nataliya Reinhard\" \/>\n<meta property=\"article:modified_time\" content=\"2024-10-13T22:51:24+00:00\" \/>\n<meta property=\"og:image\" content=\"https:\/\/www.art-natur.ch\/wp-content\/uploads\/2024\/09\/2627723764-Photoroom.png\" \/>\n\t<meta property=\"og:image:width\" content=\"1080\" \/>\n\t<meta property=\"og:image:height\" content=\"1080\" \/>\n\t<meta property=\"og:image:type\" content=\"image\/png\" \/>\n<meta name=\"twitter:card\" content=\"summary_large_image\" \/>\n<script type=\"application\/ld+json\" class=\"yoast-schema-graph\">{\"@context\":\"https:\/\/schema.org\",\"@graph\":[{\"@type\":\"WebPage\",\"@id\":\"https:\/\/www.art-natur.ch\/fr\/produit\/brosse-a-teinter-les-sourcils-%e2%84%964\/\",\"url\":\"https:\/\/www.art-natur.ch\/fr\/produit\/brosse-a-teinter-les-sourcils-%e2%84%964\/\",\"name\":\"Brosse \u00e0 teinter les sourcils \u21164 - LASHES&amp;BROWS by Nataliya Reinhard\",\"isPartOf\":{\"@id\":\"https:\/\/www.art-natur.ch\/fr\/#website\"},\"primaryImageOfPage\":{\"@id\":\"https:\/\/www.art-natur.ch\/fr\/produit\/brosse-a-teinter-les-sourcils-%e2%84%964\/#primaryimage\"},\"image\":{\"@id\":\"https:\/\/www.art-natur.ch\/fr\/produit\/brosse-a-teinter-les-sourcils-%e2%84%964\/#primaryimage\"},\"thumbnailUrl\":\"https:\/\/www.art-natur.ch\/wp-content\/uploads\/2024\/09\/2627723764-Photoroom.png\",\"datePublished\":\"2024-09-22T07:56:08+00:00\",\"dateModified\":\"2024-10-13T22:51:24+00:00\",\"description\":\"La brosse \u00e0 sourcils et \u00e0 cils Lovely est multifonctionnelle. Le pinceau biseaut\u00e9 estompe, et la brosse \u00e0 vis r\u00e9partit la couleur.\",\"breadcrumb\":{\"@id\":\"https:\/\/www.art-natur.ch\/fr\/produit\/brosse-a-teinter-les-sourcils-%e2%84%964\/#breadcrumb\"},\"inLanguage\":\"fr-FR\",\"potentialAction\":[{\"@type\":\"ReadAction\",\"target\":[\"https:\/\/www.art-natur.ch\/fr\/produit\/brosse-a-teinter-les-sourcils-%e2%84%964\/\"]}]},{\"@type\":\"ImageObject\",\"inLanguage\":\"fr-FR\",\"@id\":\"https:\/\/www.art-natur.ch\/fr\/produit\/brosse-a-teinter-les-sourcils-%e2%84%964\/#primaryimage\",\"url\":\"https:\/\/www.art-natur.ch\/wp-content\/uploads\/2024\/09\/2627723764-Photoroom.png\",\"contentUrl\":\"https:\/\/www.art-natur.ch\/wp-content\/uploads\/2024\/09\/2627723764-Photoroom.png\",\"width\":1080,\"height\":1080},{\"@type\":\"BreadcrumbList\",\"@id\":\"https:\/\/www.art-natur.ch\/fr\/produit\/brosse-a-teinter-les-sourcils-%e2%84%964\/#breadcrumb\",\"itemListElement\":[{\"@type\":\"ListItem\",\"position\":1,\"name\":\"Home\",\"item\":\"https:\/\/www.art-natur.ch\/fr\/\"},{\"@type\":\"ListItem\",\"position\":2,\"name\":\"Boutique\",\"item\":\"https:\/\/www.art-natur.ch\/shop\/\"},{\"@type\":\"ListItem\",\"position\":3,\"name\":\"Brosse \u00e0 teinter les sourcils \u21164\"}]},{\"@type\":\"WebSite\",\"@id\":\"https:\/\/www.art-natur.ch\/fr\/#website\",\"url\":\"https:\/\/www.art-natur.ch\/fr\/\",\"name\":\"LASHES&amp;BROWS by Nataliya Reinhard\",\"description\":\"High-quality lash and brow services with attention to every detail\",\"potentialAction\":[{\"@type\":\"SearchAction\",\"target\":{\"@type\":\"EntryPoint\",\"urlTemplate\":\"https:\/\/www.art-natur.ch\/fr\/?s={search_term_string}\"},\"query-input\":{\"@type\":\"PropertyValueSpecification\",\"valueRequired\":true,\"valueName\":\"search_term_string\"}}],\"inLanguage\":\"fr-FR\"}]}<\/script>\n<!-- \/ Yoast SEO plugin. -->","yoast_head_json":{"title":"Brosse \u00e0 teinter les sourcils \u21164 - LASHES&amp;BROWS by Nataliya Reinhard","description":"La brosse \u00e0 sourcils et \u00e0 cils Lovely est multifonctionnelle. Le pinceau biseaut\u00e9 estompe, et la brosse \u00e0 vis r\u00e9partit la couleur.","robots":{"index":"index","follow":"follow","max-snippet":"max-snippet:-1","max-image-preview":"max-image-preview:large","max-video-preview":"max-video-preview:-1"},"canonical":"https:\/\/www.art-natur.ch\/fr\/produit\/brosse-a-teinter-les-sourcils-%e2%84%964\/","og_locale":"fr_FR","og_type":"article","og_title":"Brosse \u00e0 teinter les sourcils \u21164 - LASHES&amp;BROWS by Nataliya Reinhard","og_description":"La brosse \u00e0 sourcils et \u00e0 cils Lovely est multifonctionnelle. Le pinceau biseaut\u00e9 estompe, et la brosse \u00e0 vis r\u00e9partit la couleur.","og_url":"https:\/\/www.art-natur.ch\/fr\/produit\/brosse-a-teinter-les-sourcils-%e2%84%964\/","og_site_name":"LASHES&amp;BROWS by Nataliya Reinhard","article_modified_time":"2024-10-13T22:51:24+00:00","og_image":[{"width":1080,"height":1080,"url":"https:\/\/www.art-natur.ch\/wp-content\/uploads\/2024\/09\/2627723764-Photoroom.png","type":"image\/png"}],"twitter_card":"summary_large_image","schema":{"@context":"https:\/\/schema.org","@graph":[{"@type":"WebPage","@id":"https:\/\/www.art-natur.ch\/fr\/produit\/brosse-a-teinter-les-sourcils-%e2%84%964\/","url":"https:\/\/www.art-natur.ch\/fr\/produit\/brosse-a-teinter-les-sourcils-%e2%84%964\/","name":"Brosse \u00e0 teinter les sourcils \u21164 - LASHES&amp;BROWS by Nataliya Reinhard","isPartOf":{"@id":"https:\/\/www.art-natur.ch\/fr\/#website"},"primaryImageOfPage":{"@id":"https:\/\/www.art-natur.ch\/fr\/produit\/brosse-a-teinter-les-sourcils-%e2%84%964\/#primaryimage"},"image":{"@id":"https:\/\/www.art-natur.ch\/fr\/produit\/brosse-a-teinter-les-sourcils-%e2%84%964\/#primaryimage"},"thumbnailUrl":"https:\/\/www.art-natur.ch\/wp-content\/uploads\/2024\/09\/2627723764-Photoroom.png","datePublished":"2024-09-22T07:56:08+00:00","dateModified":"2024-10-13T22:51:24+00:00","description":"La brosse \u00e0 sourcils et \u00e0 cils Lovely est multifonctionnelle. Le pinceau biseaut\u00e9 estompe, et la brosse \u00e0 vis r\u00e9partit la couleur.","breadcrumb":{"@id":"https:\/\/www.art-natur.ch\/fr\/produit\/brosse-a-teinter-les-sourcils-%e2%84%964\/#breadcrumb"},"inLanguage":"fr-FR","potentialAction":[{"@type":"ReadAction","target":["https:\/\/www.art-natur.ch\/fr\/produit\/brosse-a-teinter-les-sourcils-%e2%84%964\/"]}]},{"@type":"ImageObject","inLanguage":"fr-FR","@id":"https:\/\/www.art-natur.ch\/fr\/produit\/brosse-a-teinter-les-sourcils-%e2%84%964\/#primaryimage","url":"https:\/\/www.art-natur.ch\/wp-content\/uploads\/2024\/09\/2627723764-Photoroom.png","contentUrl":"https:\/\/www.art-natur.ch\/wp-content\/uploads\/2024\/09\/2627723764-Photoroom.png","width":1080,"height":1080},{"@type":"BreadcrumbList","@id":"https:\/\/www.art-natur.ch\/fr\/produit\/brosse-a-teinter-les-sourcils-%e2%84%964\/#breadcrumb","itemListElement":[{"@type":"ListItem","position":1,"name":"Home","item":"https:\/\/www.art-natur.ch\/fr\/"},{"@type":"ListItem","position":2,"name":"Boutique","item":"https:\/\/www.art-natur.ch\/shop\/"},{"@type":"ListItem","position":3,"name":"Brosse \u00e0 teinter les sourcils \u21164"}]},{"@type":"WebSite","@id":"https:\/\/www.art-natur.ch\/fr\/#website","url":"https:\/\/www.art-natur.ch\/fr\/","name":"LASHES&amp;BROWS by Nataliya Reinhard","description":"High-quality lash and brow services with attention to every detail","potentialAction":[{"@type":"SearchAction","target":{"@type":"EntryPoint","urlTemplate":"https:\/\/www.art-natur.ch\/fr\/?s={search_term_string}"},"query-input":{"@type":"PropertyValueSpecification","valueRequired":true,"valueName":"search_term_string"}}],"inLanguage":"fr-FR"}]}},"_links":{"self":[{"href":"https:\/\/www.art-natur.ch\/fr\/wp-json\/wp\/v2\/product\/966","targetHints":{"allow":["GET"]}}],"collection":[{"href":"https:\/\/www.art-natur.ch\/fr\/wp-json\/wp\/v2\/product"}],"about":[{"href":"https:\/\/www.art-natur.ch\/fr\/wp-json\/wp\/v2\/types\/product"}],"wp:featuredmedia":[{"embeddable":true,"href":"https:\/\/www.art-natur.ch\/fr\/wp-json\/wp\/v2\/media\/8372"}],"wp:attachment":[{"href":"https:\/\/www.art-natur.ch\/fr\/wp-json\/wp\/v2\/media?parent=966"}],"wp:term":[{"taxonomy":"product_cat","embeddable":true,"href":"https:\/\/www.art-natur.ch\/fr\/wp-json\/wp\/v2\/product_cat?post=966"},{"taxonomy":"product_tag","embeddable":true,"href":"https:\/\/www.art-natur.ch\/fr\/wp-json\/wp\/v2\/product_tag?post=966"}],"curies":[{"name":"wp","href":"https:\/\/api.w.org\/{rel}","templated":true}]}}