{"id":981,"date":"2024-09-22T10:35:29","date_gmt":"2024-09-22T08:35:29","guid":{"rendered":"https:\/\/www.art-natur.ch\/product\/brosse-bebe-lb-peche-droit\/"},"modified":"2024-10-14T00:50:47","modified_gmt":"2024-10-13T22:50:47","slug":"brosse-bebe-lb-peche-droit","status":"publish","type":"product","link":"https:\/\/www.art-natur.ch\/fr\/produit\/brosse-bebe-lb-peche-droit\/","title":{"rendered":"Brosse &#8211; b\u00e9b\u00e9 LB (p\u00eache, droit)"},"content":{"rendered":"<p>Brosse &#8211; b\u00e9b\u00e9 pour placer les cils sur les bigoudis et appliquer\/retirer\/diffuser les produits et les couleurs pendant les traitements de laminage des cils. Forme &#8211; droite, longueur des poils 1 mm (2 mm de diam\u00e8tre)<\/p>\n<p>Outil auxiliaire \u00e0 double extr\u00e9mit\u00e9 avec m\u00e9canisme r\u00e9tractable.<\/p>\n<p>&nbsp;<\/p>\n<p>Avantages :<\/p>\n<p>&#8211; Simple et facile \u00e0 utiliser (en un seul geste, pas d&rsquo;extras comme un bouchon qui peut se perdre),<\/p>\n<p>&#8211; Hygi\u00e9nique (la brosse peut \u00eatre r\u00e9tract\u00e9e \u00e0 l&rsquo;int\u00e9rieur du bo\u00eetier),<\/p>\n<p>&#8211; Ergonomique (longueur optimale, tient bien dans la main, le verrou fait office de repose-doigts),<\/p>\n<p>&#8211; disponibilit\u00e9 de 2 types de brosses avec diff\u00e9rentes formes et longueurs de poils pour les diff\u00e9rents besoins et habitudes des artisans,<\/p>\n<p>&#8211; la t\u00eate de brosse r\u00e9tractable (pour des op\u00e9rations suppl\u00e9mentaires)<\/p>\n<p>&#8211; pile synth\u00e9tique (utilisation \u00e9conomique des formulations car les produits liquides ne sont pas absorb\u00e9s)<\/p>\n<p>&#8211; conception originale.<\/p>\n","protected":false},"excerpt":{"rendered":"<p>Brosse &#8211; b\u00e9b\u00e9 pour placer les cils sur les bigoudis et appliquer\/retirer\/diffuser les produits et les couleurs pendant les traitements de laminage des cils. Forme &#8211; droite, longueur des poils 1 mm (2 mm de diam\u00e8tre) Outil auxiliaire \u00e0 double extr\u00e9mit\u00e9 avec m\u00e9canisme r\u00e9tractable. &nbsp; Avantages : &#8211; Simple et facile \u00e0 utiliser (en un [&hellip;]<\/p>\n","protected":false},"featured_media":8363,"template":"","meta":{"_acf_changed":false,"inline_featured_image":false},"product_cat":[129,141,150,160],"product_tag":[],"class_list":{"0":"post-981","1":"product","2":"type-product","3":"status-publish","4":"has-post-thumbnail","6":"product_brand-lash-botox","7":"product_cat-stylisation-a-long-terme-des-sourcils","8":"product_cat-outils","9":"product_cat-rehaussement-des-cils","10":"product_cat-outil","12":"first","13":"instock","14":"shipping-taxable","15":"purchasable","16":"product-type-simple"},"acf":[],"yoast_head":"<!-- This site is optimized with the Yoast SEO plugin v26.6 - https:\/\/yoast.com\/wordpress\/plugins\/seo\/ -->\n<title>Brosse - b\u00e9b\u00e9 LB (p\u00eache, droit) - LASHES&amp;BROWS by Nataliya Reinhard<\/title>\n<meta name=\"description\" content=\"Brosse b\u00e9b\u00e9 pour placer les cils sur les bigoudis et appliquer des produits pendant le laminage. Simple, hygi\u00e9nique et ergonomique.\" \/>\n<meta name=\"robots\" content=\"index, follow, max-snippet:-1, max-image-preview:large, max-video-preview:-1\" \/>\n<link rel=\"canonical\" href=\"https:\/\/www.art-natur.ch\/fr\/produit\/brosse-bebe-lb-peche-droit\/\" \/>\n<meta property=\"og:locale\" content=\"fr_FR\" \/>\n<meta property=\"og:type\" content=\"article\" \/>\n<meta property=\"og:title\" content=\"Brosse - b\u00e9b\u00e9 LB (p\u00eache, droit) - LASHES&amp;BROWS by Nataliya Reinhard\" \/>\n<meta property=\"og:description\" content=\"Brosse b\u00e9b\u00e9 pour placer les cils sur les bigoudis et appliquer des produits pendant le laminage. Simple, hygi\u00e9nique et ergonomique.\" \/>\n<meta property=\"og:url\" content=\"https:\/\/www.art-natur.ch\/fr\/produit\/brosse-bebe-lb-peche-droit\/\" \/>\n<meta property=\"og:site_name\" content=\"LASHES&amp;BROWS by Nataliya Reinhard\" \/>\n<meta property=\"article:modified_time\" content=\"2024-10-13T22:50:47+00:00\" \/>\n<meta property=\"og:image\" content=\"https:\/\/www.art-natur.ch\/wp-content\/uploads\/2024\/09\/2533093810-Photoroom.png\" \/>\n\t<meta property=\"og:image:width\" content=\"1280\" \/>\n\t<meta property=\"og:image:height\" content=\"1280\" \/>\n\t<meta property=\"og:image:type\" content=\"image\/png\" \/>\n<meta name=\"twitter:card\" content=\"summary_large_image\" \/>\n<meta name=\"twitter:label1\" content=\"Dur\u00e9e de lecture estim\u00e9e\" \/>\n\t<meta name=\"twitter:data1\" content=\"1 minute\" \/>\n<script type=\"application\/ld+json\" class=\"yoast-schema-graph\">{\"@context\":\"https:\/\/schema.org\",\"@graph\":[{\"@type\":\"WebPage\",\"@id\":\"https:\/\/www.art-natur.ch\/fr\/produit\/brosse-bebe-lb-peche-droit\/\",\"url\":\"https:\/\/www.art-natur.ch\/fr\/produit\/brosse-bebe-lb-peche-droit\/\",\"name\":\"Brosse - b\u00e9b\u00e9 LB (p\u00eache, droit) - LASHES&amp;BROWS by Nataliya Reinhard\",\"isPartOf\":{\"@id\":\"https:\/\/www.art-natur.ch\/fr\/#website\"},\"primaryImageOfPage\":{\"@id\":\"https:\/\/www.art-natur.ch\/fr\/produit\/brosse-bebe-lb-peche-droit\/#primaryimage\"},\"image\":{\"@id\":\"https:\/\/www.art-natur.ch\/fr\/produit\/brosse-bebe-lb-peche-droit\/#primaryimage\"},\"thumbnailUrl\":\"https:\/\/www.art-natur.ch\/wp-content\/uploads\/2024\/09\/2533093810-Photoroom.png\",\"datePublished\":\"2024-09-22T08:35:29+00:00\",\"dateModified\":\"2024-10-13T22:50:47+00:00\",\"description\":\"Brosse b\u00e9b\u00e9 pour placer les cils sur les bigoudis et appliquer des produits pendant le laminage. Simple, hygi\u00e9nique et ergonomique.\",\"breadcrumb\":{\"@id\":\"https:\/\/www.art-natur.ch\/fr\/produit\/brosse-bebe-lb-peche-droit\/#breadcrumb\"},\"inLanguage\":\"fr-FR\",\"potentialAction\":[{\"@type\":\"ReadAction\",\"target\":[\"https:\/\/www.art-natur.ch\/fr\/produit\/brosse-bebe-lb-peche-droit\/\"]}]},{\"@type\":\"ImageObject\",\"inLanguage\":\"fr-FR\",\"@id\":\"https:\/\/www.art-natur.ch\/fr\/produit\/brosse-bebe-lb-peche-droit\/#primaryimage\",\"url\":\"https:\/\/www.art-natur.ch\/wp-content\/uploads\/2024\/09\/2533093810-Photoroom.png\",\"contentUrl\":\"https:\/\/www.art-natur.ch\/wp-content\/uploads\/2024\/09\/2533093810-Photoroom.png\",\"width\":1280,\"height\":1280},{\"@type\":\"BreadcrumbList\",\"@id\":\"https:\/\/www.art-natur.ch\/fr\/produit\/brosse-bebe-lb-peche-droit\/#breadcrumb\",\"itemListElement\":[{\"@type\":\"ListItem\",\"position\":1,\"name\":\"Home\",\"item\":\"https:\/\/www.art-natur.ch\/fr\/\"},{\"@type\":\"ListItem\",\"position\":2,\"name\":\"Boutique\",\"item\":\"https:\/\/www.art-natur.ch\/shop\/\"},{\"@type\":\"ListItem\",\"position\":3,\"name\":\"Brosse &#8211; b\u00e9b\u00e9 LB (p\u00eache, droit)\"}]},{\"@type\":\"WebSite\",\"@id\":\"https:\/\/www.art-natur.ch\/fr\/#website\",\"url\":\"https:\/\/www.art-natur.ch\/fr\/\",\"name\":\"LASHES&amp;BROWS by Nataliya Reinhard\",\"description\":\"High-quality lash and brow services with attention to every detail\",\"potentialAction\":[{\"@type\":\"SearchAction\",\"target\":{\"@type\":\"EntryPoint\",\"urlTemplate\":\"https:\/\/www.art-natur.ch\/fr\/?s={search_term_string}\"},\"query-input\":{\"@type\":\"PropertyValueSpecification\",\"valueRequired\":true,\"valueName\":\"search_term_string\"}}],\"inLanguage\":\"fr-FR\"}]}<\/script>\n<!-- \/ Yoast SEO plugin. -->","yoast_head_json":{"title":"Brosse - b\u00e9b\u00e9 LB (p\u00eache, droit) - LASHES&amp;BROWS by Nataliya Reinhard","description":"Brosse b\u00e9b\u00e9 pour placer les cils sur les bigoudis et appliquer des produits pendant le laminage. Simple, hygi\u00e9nique et ergonomique.","robots":{"index":"index","follow":"follow","max-snippet":"max-snippet:-1","max-image-preview":"max-image-preview:large","max-video-preview":"max-video-preview:-1"},"canonical":"https:\/\/www.art-natur.ch\/fr\/produit\/brosse-bebe-lb-peche-droit\/","og_locale":"fr_FR","og_type":"article","og_title":"Brosse - b\u00e9b\u00e9 LB (p\u00eache, droit) - LASHES&amp;BROWS by Nataliya Reinhard","og_description":"Brosse b\u00e9b\u00e9 pour placer les cils sur les bigoudis et appliquer des produits pendant le laminage. Simple, hygi\u00e9nique et ergonomique.","og_url":"https:\/\/www.art-natur.ch\/fr\/produit\/brosse-bebe-lb-peche-droit\/","og_site_name":"LASHES&amp;BROWS by Nataliya Reinhard","article_modified_time":"2024-10-13T22:50:47+00:00","og_image":[{"width":1280,"height":1280,"url":"https:\/\/www.art-natur.ch\/wp-content\/uploads\/2024\/09\/2533093810-Photoroom.png","type":"image\/png"}],"twitter_card":"summary_large_image","twitter_misc":{"Dur\u00e9e de lecture estim\u00e9e":"1 minute"},"schema":{"@context":"https:\/\/schema.org","@graph":[{"@type":"WebPage","@id":"https:\/\/www.art-natur.ch\/fr\/produit\/brosse-bebe-lb-peche-droit\/","url":"https:\/\/www.art-natur.ch\/fr\/produit\/brosse-bebe-lb-peche-droit\/","name":"Brosse - b\u00e9b\u00e9 LB (p\u00eache, droit) - LASHES&amp;BROWS by Nataliya Reinhard","isPartOf":{"@id":"https:\/\/www.art-natur.ch\/fr\/#website"},"primaryImageOfPage":{"@id":"https:\/\/www.art-natur.ch\/fr\/produit\/brosse-bebe-lb-peche-droit\/#primaryimage"},"image":{"@id":"https:\/\/www.art-natur.ch\/fr\/produit\/brosse-bebe-lb-peche-droit\/#primaryimage"},"thumbnailUrl":"https:\/\/www.art-natur.ch\/wp-content\/uploads\/2024\/09\/2533093810-Photoroom.png","datePublished":"2024-09-22T08:35:29+00:00","dateModified":"2024-10-13T22:50:47+00:00","description":"Brosse b\u00e9b\u00e9 pour placer les cils sur les bigoudis et appliquer des produits pendant le laminage. Simple, hygi\u00e9nique et ergonomique.","breadcrumb":{"@id":"https:\/\/www.art-natur.ch\/fr\/produit\/brosse-bebe-lb-peche-droit\/#breadcrumb"},"inLanguage":"fr-FR","potentialAction":[{"@type":"ReadAction","target":["https:\/\/www.art-natur.ch\/fr\/produit\/brosse-bebe-lb-peche-droit\/"]}]},{"@type":"ImageObject","inLanguage":"fr-FR","@id":"https:\/\/www.art-natur.ch\/fr\/produit\/brosse-bebe-lb-peche-droit\/#primaryimage","url":"https:\/\/www.art-natur.ch\/wp-content\/uploads\/2024\/09\/2533093810-Photoroom.png","contentUrl":"https:\/\/www.art-natur.ch\/wp-content\/uploads\/2024\/09\/2533093810-Photoroom.png","width":1280,"height":1280},{"@type":"BreadcrumbList","@id":"https:\/\/www.art-natur.ch\/fr\/produit\/brosse-bebe-lb-peche-droit\/#breadcrumb","itemListElement":[{"@type":"ListItem","position":1,"name":"Home","item":"https:\/\/www.art-natur.ch\/fr\/"},{"@type":"ListItem","position":2,"name":"Boutique","item":"https:\/\/www.art-natur.ch\/shop\/"},{"@type":"ListItem","position":3,"name":"Brosse &#8211; b\u00e9b\u00e9 LB (p\u00eache, droit)"}]},{"@type":"WebSite","@id":"https:\/\/www.art-natur.ch\/fr\/#website","url":"https:\/\/www.art-natur.ch\/fr\/","name":"LASHES&amp;BROWS by Nataliya Reinhard","description":"High-quality lash and brow services with attention to every detail","potentialAction":[{"@type":"SearchAction","target":{"@type":"EntryPoint","urlTemplate":"https:\/\/www.art-natur.ch\/fr\/?s={search_term_string}"},"query-input":{"@type":"PropertyValueSpecification","valueRequired":true,"valueName":"search_term_string"}}],"inLanguage":"fr-FR"}]}},"_links":{"self":[{"href":"https:\/\/www.art-natur.ch\/fr\/wp-json\/wp\/v2\/product\/981","targetHints":{"allow":["GET"]}}],"collection":[{"href":"https:\/\/www.art-natur.ch\/fr\/wp-json\/wp\/v2\/product"}],"about":[{"href":"https:\/\/www.art-natur.ch\/fr\/wp-json\/wp\/v2\/types\/product"}],"wp:featuredmedia":[{"embeddable":true,"href":"https:\/\/www.art-natur.ch\/fr\/wp-json\/wp\/v2\/media\/8363"}],"wp:attachment":[{"href":"https:\/\/www.art-natur.ch\/fr\/wp-json\/wp\/v2\/media?parent=981"}],"wp:term":[{"taxonomy":"product_cat","embeddable":true,"href":"https:\/\/www.art-natur.ch\/fr\/wp-json\/wp\/v2\/product_cat?post=981"},{"taxonomy":"product_tag","embeddable":true,"href":"https:\/\/www.art-natur.ch\/fr\/wp-json\/wp\/v2\/product_tag?post=981"}],"curies":[{"name":"wp","href":"https:\/\/api.w.org\/{rel}","templated":true}]}}